



{"id":102,"date":"2019-06-18T12:37:13","date_gmt":"2019-06-18T12:37:13","guid":{"rendered":"http:\/\/motorhome.test\/?page_id=102"},"modified":"2025-11-26T11:54:42","modified_gmt":"2025-11-26T10:54:42","slug":"contactez-nous","status":"publish","type":"page","link":"https:\/\/motorhome-1.eu\/sv\/contactez-nous\/","title":{"rendered":"Kontakta oss"},"content":{"rendered":"<div data-elementor-type=\"wp-post\" data-elementor-id=\"102\" class=\"elementor elementor-102\">\n\t\t\t\t\t\t<section class=\"elementor-section elementor-top-section elementor-element elementor-element-46e5416 elementor-section-full_width elementor-section-height-default elementor-section-height-default\" data-id=\"46e5416\" data-element_type=\"section\">\n\t\t\t\t\t\t<div class=\"elementor-container elementor-column-gap-no\">\n\t\t\t\t\t<div class=\"elementor-column elementor-col-100 elementor-top-column elementor-element elementor-element-bc6cbc6\" data-id=\"bc6cbc6\" data-element_type=\"column\">\n\t\t\t<div class=\"elementor-widget-wrap elementor-element-populated\">\n\t\t\t\t\t\t<div class=\"elementor-element elementor-element-51ee6d5 elementor-widget elementor-widget-templines-page-header\" data-id=\"51ee6d5\" data-element_type=\"widget\" data-widget_type=\"templines-page-header.default\">\n\t\t\t\t<div class=\"elementor-widget-container\">\n\t\t\t\t\t\n\t<header\n\t\tclass=\"l-section c-page-header c-page-header--header-type-1\">\n\t\t\t\t\t<div class=\"c-page-header__image\" style=\"background-image:url(https:\/\/motorhome-1.eu\/wp-content\/uploads\/2019\/09\/aucapina-0840954354.jpg)\"><\/div>\n\t\t\t\t<div\n\t\t\tclass=\"c-page-header__wrap\">\n\t\t\t\t\t\t\t\t\t\t\t\t<h1 class=\"l-section__container c-page-header__title\">Kontakta oss<\/h1>\n\t\t\t\t\t\t\t\t\t\t\t\t\t\t\t\t\t\t\t<\/div>\n\t<\/header>\n\n\t\t\t\t<\/div>\n\t\t\t\t<\/div>\n\t\t\t\t\t<\/div>\n\t\t<\/div>\n\t\t\t\t\t<\/div>\n\t\t<\/section>\n\t\t\t\t<section class=\"elementor-section elementor-top-section elementor-element elementor-element-3143e4f c-contact elementor-section-boxed elementor-section-height-default elementor-section-height-default\" data-id=\"3143e4f\" data-element_type=\"section\">\n\t\t\t\t\t\t<div class=\"elementor-container elementor-column-gap-no\">\n\t\t\t\t\t<div class=\"elementor-column elementor-col-33 elementor-top-column elementor-element elementor-element-ec053d0\" data-id=\"ec053d0\" data-element_type=\"column\" data-settings=\"{&quot;background_background&quot;:&quot;classic&quot;}\">\n\t\t\t<div class=\"elementor-widget-wrap elementor-element-populated\">\n\t\t\t\t\t\t<div class=\"elementor-element elementor-element-17c8e05 h-title h-title--14 elementor-widget elementor-widget-heading\" data-id=\"17c8e05\" data-element_type=\"widget\" data-widget_type=\"heading.default\">\n\t\t\t\t\t<div class=\"elementor-heading-title elementor-size-default\">Kontakta oss<\/div>\t\t\t\t<\/div>\n\t\t\t\t<div class=\"elementor-element elementor-element-e799304 elementor-widget elementor-widget-heading\" data-id=\"e799304\" data-element_type=\"widget\" data-widget_type=\"heading.default\">\n\t\t\t\t\t<div class=\"elementor-heading-title elementor-size-default\">Vi har gjort det mycket\nenkelt, smidigt och problemfritt att kontakta oss!<\/div>\t\t\t\t<\/div>\n\t\t\t\t<div class=\"elementor-element elementor-element-648da27 elementor-icon-list--layout-traditional elementor-list-item-link-full_width elementor-widget elementor-widget-icon-list\" data-id=\"648da27\" data-element_type=\"widget\" data-widget_type=\"icon-list.default\">\n\t\t\t\t\t\t\t<ul class=\"elementor-icon-list-items\">\n\t\t\t\t\t\t\t<li class=\"elementor-icon-list-item\">\n\t\t\t\t\t\t\t\t\t\t\t<span class=\"elementor-icon-list-icon\">\n\t\t\t\t\t\t\t<i aria-hidden=\"true\" class=\"fibd21- fi-bd21-call-in\"><\/i>\t\t\t\t\t\t<\/span>\n\t\t\t\t\t\t\t\t\t\t<span class=\"elementor-icon-list-text\">Ring oss p\u00e5<\/span>\n\t\t\t\t\t\t\t\t\t<\/li>\n\t\t\t\t\t\t<\/ul>\n\t\t\t\t\t\t<\/div>\n\t\t\t\t<div class=\"elementor-element elementor-element-ed77c41 elementor-widget elementor-widget-text-editor\" data-id=\"ed77c41\" data-element_type=\"widget\" data-widget_type=\"text-editor.default\">\n\t\t\t\t\t\t\t\t\tT\u00e9l: <strong><span style=\"color: #f24128;\"><a style=\"color: #f24128;\" href=\"https:\/\/www.google.com\/search?sca_esv=637c0e90f834ed3d&amp;sxsrf=AE3TifOvlmdPxHkeKtdFYO1HaoRhc6mLtg:1758612965442&amp;kgmid=\/g\/11gdgyjb_q&amp;q=Occitanie+Camping-car+Toulouse+Fenouillet&amp;shndl=30&amp;shem=lcuae,uaasie,shrtsdl&amp;source=sh\/x\/loc\/uni\/m1\/1&amp;kgs=676dd9970a9d0e59&amp;utm_source=lcuae,uaasie,shrtsdl,sh\/x\/loc\/uni\/m1\/1#\" data-dtype=\"d3ph\" data-local-attribute=\"d3ph\" data-ved=\"2ahUKEwiBwLWpn--PAxWqU6QEHVB8HkIQkAgoAHoECCkQAg\"><span aria-label=\"Ring +33 6 48 72 27 78\">+33 6 48 72 27 78<\/span><\/a><\/span><\/strong>\t\t\t\t\t\t\t\t<\/div>\n\t\t\t\t<div class=\"elementor-element elementor-element-5cd26c9 elementor-icon-list--layout-traditional elementor-list-item-link-full_width elementor-widget elementor-widget-icon-list\" data-id=\"5cd26c9\" data-element_type=\"widget\" data-widget_type=\"icon-list.default\">\n\t\t\t\t\t\t\t<ul class=\"elementor-icon-list-items\">\n\t\t\t\t\t\t\t<li class=\"elementor-icon-list-item\">\n\t\t\t\t\t\t\t\t\t\t\t<span class=\"elementor-icon-list-icon\">\n\t\t\t\t\t\t\t<i aria-hidden=\"true\" class=\"fibd21- fi-bd21-envelope-open\"><\/i>\t\t\t\t\t\t<\/span>\n\t\t\t\t\t\t\t\t\t\t<span class=\"elementor-icon-list-text\">E-post<\/span>\n\t\t\t\t\t\t\t\t\t<\/li>\n\t\t\t\t\t\t<\/ul>\n\t\t\t\t\t\t<\/div>\n\t\t\t\t<div class=\"elementor-element elementor-element-f46bfe3 elementor-widget elementor-widget-text-editor\" data-id=\"f46bfe3\" data-element_type=\"widget\" data-widget_type=\"text-editor.default\">\n\t\t\t\t\t\t\t\t\t<p class=\"p1\"><span class=\"s1\">Email: <span style=\"color: #f24128;\"><strong>contact@motorhome-1.eu<\/strong><\/span><\/span><\/p>\t\t\t\t\t\t\t\t<\/div>\n\t\t\t\t<div class=\"elementor-element elementor-element-cbe8cca elementor-icon-list--layout-traditional elementor-list-item-link-full_width elementor-widget elementor-widget-icon-list\" data-id=\"cbe8cca\" data-element_type=\"widget\" data-widget_type=\"icon-list.default\">\n\t\t\t\t\t\t\t<ul class=\"elementor-icon-list-items\">\n\t\t\t\t\t\t\t<li class=\"elementor-icon-list-item\">\n\t\t\t\t\t\t\t\t\t\t\t<span class=\"elementor-icon-list-icon\">\n\t\t\t\t\t\t\t<i aria-hidden=\"true\" class=\"fibd21- fi-bd21-location-pin\"><\/i>\t\t\t\t\t\t<\/span>\n\t\t\t\t\t\t\t\t\t\t<span class=\"elementor-icon-list-text\">Huvudkontor<\/span>\n\t\t\t\t\t\t\t\t\t<\/li>\n\t\t\t\t\t\t<\/ul>\n\t\t\t\t\t\t<\/div>\n\t\t\t\t<div class=\"elementor-element elementor-element-82227a2 elementor-widget elementor-widget-text-editor\" data-id=\"82227a2\" data-element_type=\"widget\" data-widget_type=\"text-editor.default\">\n\t\t\t\t\t\t\t\t\t<p class=\"p1\"><span class=\"LrzXr\">72 Rte de Paris, 31150 Fenouillet, Frankrike<\/span><\/p>\t\t\t\t\t\t\t\t<\/div>\n\t\t\t\t<div class=\"elementor-element elementor-element-8399dc6 elementor-icon-list--layout-traditional elementor-list-item-link-full_width elementor-widget elementor-widget-icon-list\" data-id=\"8399dc6\" data-element_type=\"widget\" data-widget_type=\"icon-list.default\">\n\t\t\t\t\t\t\t<ul class=\"elementor-icon-list-items\">\n\t\t\t\t\t\t\t<li class=\"elementor-icon-list-item\">\n\t\t\t\t\t\t\t\t\t\t\t<span class=\"elementor-icon-list-icon\">\n\t\t\t\t\t\t\t<i aria-hidden=\"true\" class=\"fibd21- fi-bd21-globe\"><\/i>\t\t\t\t\t\t<\/span>\n\t\t\t\t\t\t\t\t\t\t<span class=\"elementor-icon-list-text\">G\u00e5 med oss<\/span>\n\t\t\t\t\t\t\t\t\t<\/li>\n\t\t\t\t\t\t<\/ul>\n\t\t\t\t\t\t<\/div>\n\t\t\t\t<div class=\"elementor-element elementor-element-7ca39be elementor-widget elementor-widget-templines-social\" data-id=\"7ca39be\" data-element_type=\"widget\" data-widget_type=\"templines-social.default\">\n\t\t\t\t<div class=\"elementor-widget-container\">\n\t\t\t\t\t<div class=\"c-soc c-soc--round\">\t\t\t<a href=\"https:\/\/www.facebook.com\/profile.php?id=100023919433725\" class=\"c-soc__link\" target=\"_blank\"><i\n\t\t\t\t\tclass=\"ip-facebook c-soc__icon c-soc__icon--facebook\">\n\t\t\t\t\t<!-- --><\/i><\/a>\n\t\t\t\t\t<a href=\"https:\/\/www.instagram.com\/occitanie_camping_car\/\" class=\"c-soc__link\" target=\"_blank\"><i\n\t\t\t\t\tclass=\"ip-instagram c-soc__icon c-soc__icon--instagram\">\n\t\t\t\t\t<!-- --><\/i><\/a>\n\t\t\t\t\t<a href=\"https:\/\/www.youtube.com\/channel\/UCkMltY7RTxwhYAgjEEcV8xA\" class=\"c-soc__link\" target=\"_blank\"><i\n\t\t\t\t\tclass=\"ip-youtube c-soc__icon c-soc__icon--youtube\">\n\t\t\t\t\t<!-- --><\/i><\/a>\n\t\t<\/div>\t\t\t\t<\/div>\n\t\t\t\t<\/div>\n\t\t\t\t\t<\/div>\n\t\t<\/div>\n\t\t\t\t<div class=\"elementor-column elementor-col-66 elementor-top-column elementor-element elementor-element-a7ca20f\" data-id=\"a7ca20f\" data-element_type=\"column\">\n\t\t\t<div class=\"elementor-widget-wrap elementor-element-populated\">\n\t\t\t\t\t\t<div class=\"elementor-element elementor-element-c222ba7 elementor-widget elementor-widget-heading\" data-id=\"c222ba7\" data-element_type=\"widget\" data-widget_type=\"heading.default\">\n\t\t\t\t\t<div class=\"elementor-heading-title elementor-size-default\">L\u00e5t oss diskutera det<\/div>\t\t\t\t<\/div>\n\t\t\t\t<div class=\"elementor-element elementor-element-1ad9d4d elementor-view-default elementor-widget elementor-widget-icon\" data-id=\"1ad9d4d\" data-element_type=\"widget\" data-widget_type=\"icon.default\">\n\t\t\t\t\t\t\t<div class=\"elementor-icon-wrapper\">\n\t\t\t<div class=\"elementor-icon\">\n\t\t\t<i aria-hidden=\"true\" class=\"fibd21- fi-bd21-hr\"><\/i>\t\t\t<\/div>\n\t\t<\/div>\n\t\t\t\t\t\t<\/div>\n\t\t\t\t<div class=\"elementor-element elementor-element-ecf9884 elementor-widget elementor-widget-heading\" data-id=\"ecf9884\" data-element_type=\"widget\" data-widget_type=\"heading.default\">\n\t\t\t\t\t<div class=\"elementor-heading-title elementor-size-default\">V\u00e5rt team p\u00e5 motorhome-1 str\u00e4var efter att garantera dig en trevlig och\nproblemfri upplevelse varje g\u00e5ng du anv\u00e4nder v\u00e5ra tj\u00e4nster. \nHar du fr\u00e5gor, kommentarer eller f\u00f6rslag?\nSkicka ett meddelande till oss! Vi finns h\u00e4r f\u00f6r att hj\u00e4lpa dig.<\/div>\t\t\t\t<\/div>\n\t\t\t\t<div class=\"elementor-element elementor-element-ed8d0cd elementor-widget elementor-widget-shortcode\" data-id=\"ed8d0cd\" data-element_type=\"widget\" data-widget_type=\"shortcode.default\">\n\t\t\t\t\t\t\t<div class=\"elementor-shortcode\">\n<div class=\"wpcf7 no-js\" id=\"wpcf7-f1390-o1\" lang=\"en-US\" dir=\"ltr\" data-wpcf7-id=\"1390\">\n<div class=\"screen-reader-response\"><p role=\"status\" aria-live=\"polite\" aria-atomic=\"true\"><\/p> <ul><\/ul><\/div>\n<form action=\"\/sv\/wp-json\/wp\/v2\/pages\/102#wpcf7-f1390-o1\" method=\"post\" class=\"wpcf7-form init\" aria-label=\"Contact form\" novalidate=\"novalidate\" data-status=\"init\" data-trp-original-action=\"\/sv\/wp-json\/wp\/v2\/pages\/102#wpcf7-f1390-o1\">\n<fieldset class=\"hidden-fields-container\"><input type=\"hidden\" name=\"_wpcf7\" value=\"1390\" \/><input type=\"hidden\" name=\"_wpcf7_version\" value=\"6.1.4\" \/><input type=\"hidden\" name=\"_wpcf7_locale\" value=\"en_US\" \/><input type=\"hidden\" name=\"_wpcf7_unit_tag\" value=\"wpcf7-f1390-o1\" \/><input type=\"hidden\" name=\"_wpcf7_container_post\" value=\"0\" \/><input type=\"hidden\" name=\"_wpcf7_posted_data_hash\" value=\"\" \/>\n<\/fieldset>\n<p><label>Ditt namn<br \/>\n<span class=\"wpcf7-form-control-wrap\" data-name=\"your-name\"><input size=\"40\" maxlength=\"400\" class=\"wpcf7-form-control wpcf7-text wpcf7-validates-as-required\" aria-required=\"true\" aria-invalid=\"false\" placeholder=\"Ditt namn\" value=\"\" type=\"text\" name=\"your-name\" \/><\/span><\/label>\n<\/p>\n<p><label>Ditt f\u00f6rnamn<br \/>\n<span class=\"wpcf7-form-control-wrap\" data-name=\"your-lastname\"><input size=\"40\" maxlength=\"400\" class=\"wpcf7-form-control wpcf7-text wpcf7-validates-as-required\" aria-required=\"true\" aria-invalid=\"false\" placeholder=\"Votre pr\u00e9nom\" value=\"\" type=\"text\" name=\"your-lastname\" \/><\/span><\/label>\n<\/p>\n<p><label>E-post<br \/>\n<span class=\"wpcf7-form-control-wrap\" data-name=\"your-email\"><input size=\"40\" maxlength=\"400\" class=\"wpcf7-form-control wpcf7-email wpcf7-validates-as-required wpcf7-text wpcf7-validates-as-email\" aria-required=\"true\" aria-invalid=\"false\" placeholder=\"E-post\" value=\"\" type=\"email\" name=\"your-email\" \/><\/span><\/label>\n<\/p>\n<p><label>Sujet<br \/>\n<span class=\"wpcf7-form-control-wrap\" data-name=\"your-subject\"><input size=\"40\" maxlength=\"400\" class=\"wpcf7-form-control wpcf7-text\" aria-invalid=\"false\" placeholder=\"Sujet\" value=\"\" type=\"text\" name=\"your-subject\" \/><\/span><\/label>\n<\/p>\n<p><label>Message<br \/>\n<span class=\"wpcf7-form-control-wrap\" data-name=\"your-message\"><textarea cols=\"40\" rows=\"3\" maxlength=\"2000\" class=\"wpcf7-form-control wpcf7-textarea\" aria-invalid=\"false\" placeholder=\"\u00c9crire le message complet\" name=\"your-message\"><\/textarea><\/span><\/label>\n<\/p>\n<p><input class=\"wpcf7-form-control wpcf7-submit has-spinner\" type=\"submit\" value=\"Envoyer\" \/>\n<\/p><div class=\"wpcf7-response-output\" aria-hidden=\"true\"><\/div>\n<input type=\"hidden\" name=\"trp-form-language\" value=\"sv\"\/><\/form>\n<\/div>\n<\/div>\n\t\t\t\t\t\t<\/div>\n\t\t\t\t\t<\/div>\n\t\t<\/div>\n\t\t\t\t\t<\/div>\n\t\t<\/section>\n\t\t\t\t<section class=\"elementor-section elementor-top-section elementor-element elementor-element-2258445 elementor-section-full_width elementor-section-height-default elementor-section-height-default\" data-id=\"2258445\" data-element_type=\"section\">\n\t\t\t\t\t\t<div class=\"elementor-container elementor-column-gap-no\">\n\t\t\t\t\t<div class=\"elementor-column elementor-col-100 elementor-top-column elementor-element elementor-element-96d6c43\" data-id=\"96d6c43\" data-element_type=\"column\">\n\t\t\t<div class=\"elementor-widget-wrap elementor-element-populated\">\n\t\t\t\t\t\t<div class=\"elementor-element elementor-element-d999bcd elementor-widget elementor-widget-google_maps\" data-id=\"d999bcd\" data-element_type=\"widget\" data-widget_type=\"google_maps.default\">\n\t\t\t\t\t\t\t<div class=\"elementor-custom-embed\">\n\t\t\t<iframe loading=\"lazy\"\n\t\t\t\t\tsrc=\"https:\/\/maps.google.com\/maps?q=%2072%20Rte%20de%20Paris%2C%2031150%20Fenouillet%2C%20France&#038;t=m&#038;z=10&#038;output=embed&#038;iwloc=near\"\n\t\t\t\t\ttitle=\" 72 Rte de Paris, 31150 Fenouillet, Frankrike\"\n\t\t\t\t\taria-label=\" 72 Rte de Paris, 31150 Fenouillet, Frankrike\"\n\t\t\t><\/iframe>\n\t\t<\/div>\n\t\t\t\t\t\t<\/div>\n\t\t\t\t\t<\/div>\n\t\t<\/div>\n\t\t\t\t\t<\/div>\n\t\t<\/section>\n\t\t\t\t<\/div>","protected":false},"excerpt":{"rendered":"<p>Contactez-nous Contactez-nous Nous avons rendu la prise de contact avec nous tr\u00e8s facile, simple et&hellip;<\/p>","protected":false},"author":13,"featured_media":0,"parent":0,"menu_order":0,"comment_status":"closed","ping_status":"closed","template":"elementor_header_footer","meta":{"footnotes":""},"class_list":["post-102","page","type-page","status-publish","hentry"],"_links":{"self":[{"href":"https:\/\/motorhome-1.eu\/sv\/wp-json\/wp\/v2\/pages\/102","targetHints":{"allow":["GET"]}}],"collection":[{"href":"https:\/\/motorhome-1.eu\/sv\/wp-json\/wp\/v2\/pages"}],"about":[{"href":"https:\/\/motorhome-1.eu\/sv\/wp-json\/wp\/v2\/types\/page"}],"author":[{"embeddable":true,"href":"https:\/\/motorhome-1.eu\/sv\/wp-json\/wp\/v2\/users\/13"}],"replies":[{"embeddable":true,"href":"https:\/\/motorhome-1.eu\/sv\/wp-json\/wp\/v2\/comments?post=102"}],"version-history":[{"count":22,"href":"https:\/\/motorhome-1.eu\/sv\/wp-json\/wp\/v2\/pages\/102\/revisions"}],"predecessor-version":[{"id":5838,"href":"https:\/\/motorhome-1.eu\/sv\/wp-json\/wp\/v2\/pages\/102\/revisions\/5838"}],"wp:attachment":[{"href":"https:\/\/motorhome-1.eu\/sv\/wp-json\/wp\/v2\/media?parent=102"}],"curies":[{"name":"wp","href":"https:\/\/api.w.org\/{rel}","templated":true}]}}